{"id":140,"date":"2024-12-27T12:03:12","date_gmt":"2024-12-27T12:03:12","guid":{"rendered":"https:\/\/clanyeco.vamtam.com\/?page_id=140"},"modified":"2025-08-27T23:24:54","modified_gmt":"2025-08-27T23:24:54","slug":"initier-une-demande","status":"publish","type":"page","link":"https:\/\/finantol-gruppe.com\/it\/initier-une-demande\/","title":{"rendered":"Initier une demande"},"content":{"rendered":"<div data-elementor-type=\"wp-page\" data-elementor-id=\"140\" class=\"elementor elementor-140\" data-elementor-post-type=\"page\">\n\t\t\t\t<div class=\"elementor-element elementor-element-81cd6de animated-fast e-flex e-con-boxed e-con e-parent\" data-id=\"81cd6de\" data-element_type=\"container\" data-settings=\"{&quot;animation&quot;:&quot;none&quot;}\">\n\t\t\t\t\t<div class=\"e-con-inner\">\n\t\t<div class=\"elementor-element elementor-element-8cc531c e-con-full e-flex e-con e-child\" data-id=\"8cc531c\" data-element_type=\"container\" data-settings=\"{&quot;background_background&quot;:&quot;classic&quot;}\">\n\t\t\t\t<div class=\"elementor-element elementor-element-e9dbd67 elementor-widget__width-inherit elementor-widget elementor-widget-heading\" data-id=\"e9dbd67\" data-element_type=\"widget\" data-widget_type=\"heading.default\">\n\t\t\t\t\t<h3 class=\"elementor-heading-title elementor-size-default\">Compila il modulo<\/h3>\t\t\t\t<\/div>\n\t\t<div class=\"elementor-element elementor-element-10f4e2e e-con-full e-flex e-con e-child\" data-id=\"10f4e2e\" data-element_type=\"container\">\n\t\t\t\t<div class=\"elementor-element elementor-element-5860a3c elementor-widget elementor-widget-text-editor\" data-id=\"5860a3c\" data-element_type=\"widget\" data-widget_type=\"text-editor.default\">\n\t\t\t\t\t\t\t\t\t<p>Richiedi il tuo prestito oggi stesso e ricevi una risposta definitiva entro 24 ore. Una prima decisione \u00e8 disponibile in soli 3 minuti.<\/p>\t\t\t\t\t\t\t\t<\/div>\n\t\t\t\t<div class=\"elementor-element elementor-element-7149f91 fluent-form-widget-step-header-yes fluent-form-widget-step-progressbar-yes fluentform-widget-submit-button-custom elementor-widget elementor-widget-fluent-form-widget\" data-id=\"7149f91\" data-element_type=\"widget\" data-widget_type=\"fluent-form-widget.default\">\n\t\t\t\t<div class=\"elementor-widget-container\">\n\t\t\t\t\t\n            <div class=\"fluentform-widget-wrapper fluentform-widget-align-default\">\n\n            \n            <div class='fluentform ff-default fluentform_wrapper_8 ffs_custom_wrap'><form data-form_id=\"8\" id=\"fluentform_8\" class=\"frm-fluent-form fluent_form_8 ff-el-form-top ff_form_instance_8_1 ff-form-loading ff_calc_form ff_calc_form ffs_custom\" data-form_instance=\"ff_form_instance_8_1\" method=\"POST\" action=\"\" ><fieldset  style=\"border: none!important;margin: 0!important;padding: 0!important;background-color: transparent!important;box-shadow: none!important;outline: none!important; min-inline-size: 100%;\">\n                    <legend class=\"ff_screen_reader_title\" style=\"display: block; margin: 0!important;padding: 0!important;height: 0!important;text-indent: -999999px;width: 0!important;overflow:hidden;\">Domanda di prestito<\/legend><input type='hidden' name='__fluent_form_embded_post_id' value='140' \/><input type=\"hidden\" id=\"_fluentform_8_fluentformnonce\" name=\"_fluentform_8_fluentformnonce\" value=\"cb0cb522d2\" \/><input type=\"hidden\" name=\"_wp_http_referer\" value=\"\/it\/wp-json\/wp\/v2\/pages\/140\" \/><div data-type=\"name-element\" data-name=\"names\" class=\"ff-field_container ff-name-field-wrapper\" ><div class='ff-t-container'><div class='ff-t-cell'><div class='ff-el-group  ff-el-form-top'><div class=\"ff-el-input--label ff-el-is-required asterisk-right\"><label for='ff_8_names_first_name_' id='label_ff_8_names_first_name_' >Nome<\/label><\/div><div class='ff-el-input--content'><input type=\"text\" name=\"names[first_name]\" id=\"ff_8_names_first_name_\" class=\"ff-el-form-control\" placeholder=\"Nome\" aria-invalid=\"false\" aria-required=\"true\"><\/div><\/div><\/div><div class='ff-t-cell'><div class='ff-el-group  ff-el-form-top'><div class=\"ff-el-input--label ff-el-is-required asterisk-right\"><label for='ff_8_names_last_name_' id='label_ff_8_names_last_name_' >Cognome<\/label><\/div><div class='ff-el-input--content'><input type=\"text\" name=\"names[last_name]\" id=\"ff_8_names_last_name_\" class=\"ff-el-form-control\" placeholder=\"Cognome\" aria-invalid=\"false\" aria-required=\"true\"><\/div><\/div><\/div><\/div><\/div><div class='ff-el-group'><div class=\"ff-el-input--label ff-el-is-required asterisk-right\"><label for='ff_8_email' id='label_ff_8_email' aria-label=\"E-mail\">E-mail<\/label><\/div><div class='ff-el-input--content'><input type=\"email\" name=\"email\" id=\"ff_8_email\" class=\"ff-el-form-control\" placeholder=\"La tua email\" data-name=\"email\"  aria-invalid=\"false\" aria-required=\"true\"><\/div><\/div><div class='ff-el-group'><div class=\"ff-el-input--label ff-el-is-required asterisk-right\"><label for='ff_8_email_1' id='label_ff_8_email_1' aria-label=\"Conferma la tua email\">Conferma la tua email<\/label><\/div><div class='ff-el-input--content'><input type=\"email\" name=\"email_1\" id=\"ff_8_email_1\" class=\"ff-el-form-control\" placeholder=\"Conferma la tua email\" data-name=\"email_1\"  aria-invalid=\"false\" aria-required=\"true\"><\/div><\/div><div class='ff-el-group'><div class=\"ff-el-input--label ff-el-is-required asterisk-right\"><label for='ff_8_phone' id='label_ff_8_phone' aria-label=\"Numero di telefono\">Numero di telefono<\/label><\/div><div class='ff-el-input--content'><input name=\"phone\" class=\"ff-el-form-control ff-el-phone\" type=\"tel\" placeholder=\"Numero di telefono\" data-name=\"phone\" id=\"ff_8_phone\" inputmode=\"tel\"  aria-invalid='false' aria-required=\"true\"><\/div><\/div><div class='ff-el-group'><div class=\"ff-el-input--label ff-el-is-required asterisk-right\"><label for='ff_8_input_text_4' id='label_ff_8_input_text_4' aria-label=\"Nazionalit\u00e0\">Nazionalit\u00e0<\/label><\/div><div class='ff-el-input--content'><input type=\"text\" name=\"input_text_4\" class=\"ff-el-form-control\" placeholder=\"Nazionalit\u00e0\" data-name=\"input_text_4\" id=\"ff_8_input_text_4\"  aria-invalid=\"false\" aria-required=\"true\"><\/div><\/div><div class='ff-el-group'><div class=\"ff-el-input--label ff-el-is-required asterisk-right\"><label for='ff_8_input_text' id='label_ff_8_input_text' aria-label=\"Regione di residenza\">Regione di residenza<\/label><\/div><div class='ff-el-input--content'><input type=\"text\" name=\"input_text\" class=\"ff-el-form-control\" placeholder=\"Regione di residenza\" data-name=\"input_text\" id=\"ff_8_input_text\"  aria-invalid=\"false\" aria-required=\"true\"><\/div><\/div><div class='ff-el-group'><div class=\"ff-el-input--label ff-el-is-required asterisk-right\"><label for='ff_8_input_text_1' id='label_ff_8_input_text_1' aria-label=\"Indirizzo di residenza completo (codice postale, via, numero civico, citt\u00e0)\">Indirizzo di residenza completo (codice postale, via, numero civico, citt\u00e0)<\/label><\/div><div class='ff-el-input--content'><input type=\"text\" name=\"input_text_1\" class=\"ff-el-form-control\" placeholder=\"Indirizzo di residenza completo (codice postale, via, numero civico, citt\u00e0)\" data-name=\"input_text_1\" id=\"ff_8_input_text_1\"  aria-invalid=\"false\" aria-required=\"true\"><\/div><\/div><div data-name=\"ff_cn_id_1\"  class='ff-t-container ff-column-container ff_columns_total_2'><div class='ff-t-cell ff-t-column-1' style='flex-basis: 50%;'><div class='ff-el-group'><div class=\"ff-el-input--label ff-el-is-required asterisk-right\"><label for='ff_8_input_text_2' id='label_ff_8_input_text_2' aria-label=\"Occupazione\">Occupazione <\/label><\/div><div class='ff-el-input--content'><input type=\"text\" name=\"input_text_2\" class=\"ff-el-form-control\" placeholder=\"Occupazione \" data-name=\"input_text_2\" id=\"ff_8_input_text_2\"  aria-invalid=\"false\" aria-required=\"true\"><\/div><\/div><\/div><div class='ff-t-cell ff-t-column-2' style='flex-basis: 50%;'><div class='ff-el-group'><div class=\"ff-el-input--label ff-el-is-required asterisk-right\"><label for='ff_8_input_text_3' id='label_ff_8_input_text_3' aria-label=\"Reddito mensile\">Reddito mensile<\/label><\/div><div class='ff-el-input--content'><input type=\"text\" name=\"input_text_3\" class=\"ff-el-form-control\" placeholder=\"Reddito mensile\" data-name=\"input_text_3\" id=\"ff_8_input_text_3\"  aria-invalid=\"false\" aria-required=\"true\"><\/div><\/div><\/div><\/div><div class='ff-el-group'><div class=\"ff-el-input--label ff-el-is-required asterisk-right\"><label for='ff_8_but_du_pret' id='label_ff_8_but_du_pret' aria-label=\"Scopo del prestito\">Scopo del prestito<\/label><\/div><div class='ff-el-input--content'><input type=\"text\" name=\"but_du_pret\" class=\"ff-el-form-control\" placeholder=\"Scopo del prestito\" data-name=\"but_du_pret\" id=\"ff_8_but_du_pret\"  aria-invalid=\"false\" aria-required=\"true\"><\/div><\/div><div data-name=\"ff_cn_id_2\"  class='ff-t-container ff-column-container ff_columns_total_2'><div class='ff-t-cell ff-t-column-1' style='flex-basis: 50%;'><div class='ff-el-group'><div class=\"ff-el-input--label ff-el-is-required asterisk-right\"><label for='ff_8_montant' id='label_ff_8_montant' aria-label=\"Di quanto hai bisogno?\">Di quanto hai bisogno?<\/label><\/div><div class='ff-el-input--content'><input type=\"text\" name=\"montant\" id=\"ff_8_montant\" class=\"ff-el-form-control  ff_numeric\" placeholder=\"Di quanto hai bisogno?\" data-name=\"montant\" inputmode=\"numeric\" step=\"any\" min=\"2000\" aria-valuemin=\"2000\" max=\"1000000\" aria-valuemax=\"1000000\" data-formatter=\"{&quot;decimal&quot;:&quot;,&quot;,&quot;separator&quot;:&quot;.&quot;,&quot;precision&quot;:2,&quot;symbol&quot;:&quot;&quot;}\"  aria-invalid=\"false\" aria-required=\"true\"><\/div><\/div><\/div><div class='ff-t-cell ff-t-column-2' style='flex-basis: 50%;'><div class='ff-el-group'><div class=\"ff-el-input--label ff-el-is-required asterisk-right\"><label for='ff_8_periode' id='label_ff_8_periode' aria-label=\"Durata (in mesi)\">Durata (in mesi)<\/label><\/div><div class='ff-el-input--content'><input type=\"number\" name=\"periode\" id=\"ff_8_periode\" class=\"ff-el-form-control\" placeholder=\"Durata (in mesi)\" data-name=\"periode\" inputmode=\"numeric\" step=\"any\" min=\"12\" aria-valuemin=\"12\" max=\"480\" aria-valuemax=\"480\"  aria-invalid=\"false\" aria-required=\"true\"><\/div><\/div><\/div><\/div><div class='ff-el-group'><div class=\"ff-el-input--label asterisk-right\"><label for='ff_8_numeric-field_2' id='label_ff_8_numeric-field_2' aria-label=\"Pagamento mensile\">Pagamento mensile<\/label><\/div><div class='ff-el-input--content'><input type=\"text\" name=\"numeric-field_2\" id=\"ff_8_numeric-field_2\" class=\"ff-el-form-control  ff_has_formula ff_numeric\" data-name=\"numeric-field_2\" data-calculation_formula=\"round((2 \/ 100 \/ 12) * {input.montant} \/ (1- 1 \/ (((2 \/ 100 \/ 12) + 1) ^ ({input.periode})), 0)\" readonly=\"1\" data-formatter=\"{&quot;decimal&quot;:&quot;,&quot;,&quot;separator&quot;:&quot;.&quot;,&quot;precision&quot;:2,&quot;symbol&quot;:&quot;&quot;}\"  aria-invalid=\"false\" aria-required=\"false\"><\/div><\/div><div class='ff-el-group'><div class=\"ff-el-input--label asterisk-right\"><label for='ff_8_numeric-field_3' id='label_ff_8_numeric-field_3' aria-label=\"Importo totale da rimborsare\">Importo totale da rimborsare<\/label><\/div><div class='ff-el-input--content'><input type=\"text\" name=\"numeric-field_3\" id=\"ff_8_numeric-field_3\" class=\"ff-el-form-control  ff_has_formula ff_numeric\" data-name=\"numeric-field_3\" data-calculation_formula=\"{input.numeric-field_2}*{input.periode}\" readonly=\"1\" data-formatter=\"{&quot;decimal&quot;:&quot;,&quot;,&quot;separator&quot;:&quot;.&quot;,&quot;precision&quot;:2,&quot;symbol&quot;:&quot;&quot;}\"  aria-invalid=\"false\" aria-required=\"false\"><\/div><\/div><div class='ff-el-group'><div class=\"ff-el-input--label asterisk-right\"><label   aria-label=\"Hai mai richiesto un prestito online almeno una volta?\">Hai mai richiesto un prestito online almeno una volta?<\/label><\/div><div class='ff-el-input--content'><div class='ff-el-form-check ff-el-form-check-'><label class='ff-el-form-check-label'><input  type=\"checkbox\" name=\"checkbox[]\" data-name=\"checkbox\" class=\"ff-el-form-check-input ff-el-form-check-checkbox\" value=\"Oui\"  id='checkbox_68c72747b5eb2fc75cefa76dae0afcff' aria-label='S\u00cc' aria-invalid='false' aria-required=\"false\"> <span>S\u00cc<\/span><\/label><\/div><div class='ff-el-form-check ff-el-form-check-'><label class='ff-el-form-check-label'><input  type=\"checkbox\" name=\"checkbox[]\" data-name=\"checkbox\" class=\"ff-el-form-check-input ff-el-form-check-checkbox\" value=\"Non\"  id='checkbox_b7f7bc08d3169b5dca7c43851459e080' aria-label='NO' aria-invalid='false' aria-required=\"false\"> <span>NO<\/span><\/label><\/div><\/div><\/div><div class='ff-el-group ff-text-left ff_submit_btn_wrapper'><button type=\"submit\" class=\"ff-btn ff-btn-submit ff-btn-md ff_btn_style\"  aria-label=\"Continuare\">Continuare<\/button><\/div><\/fieldset><input type=\"hidden\" name=\"trp-form-language\" value=\"it\"\/><\/form><div id='fluentform_8_errors' class='ff-errors-in-stack ff_form_instance_8_1 ff-form-loading_errors ff_form_instance_8_1_errors'><\/div><\/div>            <script type=\"text\/javascript\">\n                window.fluent_form_ff_form_instance_8_1 = {\"id\":\"8\",\"settings\":{\"layout\":{\"labelPlacement\":\"top\",\"helpMessagePlacement\":\"with_label\",\"errorMessagePlacement\":\"inline\",\"cssClassName\":\"\",\"asteriskPlacement\":\"asterisk-right\"},\"restrictions\":{\"denyEmptySubmission\":{\"enabled\":false}}},\"form_instance\":\"ff_form_instance_8_1\",\"form_id_selector\":\"fluentform_8\",\"rules\":{\"names[first_name]\":{\"required\":{\"value\":true,\"message\":\"Questo campo \\u00e8 obbligatorio\",\"global_message\":\"Ce champ est obligatoire\",\"global\":true}},\"names[middle_name]\":{\"required\":{\"value\":false,\"message\":\"Questo campo \\u00e8 obbligatorio\",\"global_message\":\"Ce champ est obligatoire\",\"global\":true}},\"names[last_name]\":{\"required\":{\"value\":true,\"message\":\"Questo campo \\u00e8 obbligatorio\",\"global_message\":\"Ce champ est obligatoire\",\"global\":true}},\"email\":{\"required\":{\"value\":true,\"message\":\"Questo campo \\u00e8 obbligatorio\",\"global_message\":\"Ce champ est obligatoire\",\"global\":true},\"email\":{\"value\":true,\"message\":\"Questo campo deve contenere un indirizzo email valido\",\"global_message\":\"Ce champ doit contenir un e-mail valide\",\"global\":true}},\"email_1\":{\"required\":{\"value\":true,\"message\":\"Questo campo \\u00e8 obbligatorio\",\"global_message\":\"Ce champ est obligatoire\",\"global\":true},\"email\":{\"value\":true,\"message\":\"Questo campo deve contenere un indirizzo email valido\",\"global_message\":\"Ce champ doit contenir un e-mail valide\",\"global\":true}},\"phone\":{\"required\":{\"value\":true,\"message\":\"Ce champ est requis\",\"global\":false,\"global_message\":\"Ce champ est obligatoire\"},\"valid_phone_number\":{\"value\":false,\"message\":\"Le num\\u00e9ro de t\\u00e9l\\u00e9phone n'est pas valide\",\"global\":false,\"global_message\":\"Le num\\u00e9ro de t\\u00e9l\\u00e9phone est invalide\"}},\"input_text_4\":{\"required\":{\"value\":true,\"message\":\"Questo campo \\u00e8 obbligatorio\",\"global_message\":\"Ce champ est obligatoire\",\"global\":true}},\"input_text\":{\"required\":{\"value\":true,\"message\":\"Questo campo \\u00e8 obbligatorio\",\"global_message\":\"Ce champ est obligatoire\",\"global\":true}},\"input_text_1\":{\"required\":{\"value\":true,\"message\":\"Questo campo \\u00e8 obbligatorio\",\"global_message\":\"Ce champ est obligatoire\",\"global\":true}},\"input_text_2\":{\"required\":{\"value\":true,\"message\":\"Questo campo \\u00e8 obbligatorio\",\"global_message\":\"Ce champ est obligatoire\",\"global\":true}},\"input_text_3\":{\"required\":{\"value\":true,\"message\":\"Questo campo \\u00e8 obbligatorio\",\"global_message\":\"Ce champ est obligatoire\",\"global\":true}},\"but_du_pret\":{\"required\":{\"value\":true,\"message\":\"Questo campo \\u00e8 obbligatorio\",\"global_message\":\"Ce champ est obligatoire\",\"global\":true}},\"montant\":{\"required\":{\"value\":true,\"message\":\"Questo campo \\u00e8 obbligatorio\",\"global_message\":\"Ce champ est obligatoire\",\"global\":true},\"numeric\":{\"value\":true,\"message\":\"Questo campo deve contenere un valore numerico\",\"global_message\":\"Ce champ doit contenir une valeur num\\u00e9rique\",\"global\":true},\"min\":{\"value\":\"2000\",\"message\":\"Le montant minimum est de 2000 \",\"global_message\":\"\\u00c9chec de la validation pour la valeur minimale\",\"global\":false},\"max\":{\"value\":\"1000000\",\"message\":\"La convalida non riesce per il valore massimo\",\"global_message\":\"\\u00c9chec de la validation pour la valeur maximale\",\"global\":true},\"digits\":{\"value\":\"\",\"message\":\"La convalida non riesce per cifre limitate\",\"global_message\":\"La validation \\u00e9choue pour un nombre limit\\u00e9 de chiffres\",\"global\":true}},\"periode\":{\"required\":{\"value\":true,\"message\":\"Questo campo \\u00e8 obbligatorio\",\"global_message\":\"Ce champ est obligatoire\",\"global\":true},\"numeric\":{\"value\":true,\"message\":\"Questo campo deve contenere un valore numerico\",\"global_message\":\"Ce champ doit contenir une valeur num\\u00e9rique\",\"global\":true},\"min\":{\"value\":\"12\",\"message\":\"La p\\u00e9riode minium est de 12 mois\",\"global_message\":\"\\u00c9chec de la validation pour la valeur minimale\",\"global\":false},\"max\":{\"value\":\"480\",\"message\":\"La convalida non riesce per il valore massimo\",\"global_message\":\"\\u00c9chec de la validation pour la valeur maximale\",\"global\":true},\"digits\":{\"value\":\"\",\"message\":\"La convalida non riesce per cifre limitate\",\"global_message\":\"La validation \\u00e9choue pour un nombre limit\\u00e9 de chiffres\",\"global\":true}},\"numeric-field_2\":{\"required\":{\"value\":false,\"message\":\"Questo campo \\u00e8 obbligatorio\",\"global_message\":\"Ce champ est obligatoire\",\"global\":true},\"numeric\":{\"value\":true,\"message\":\"Questo campo deve contenere un valore numerico\",\"global_message\":\"Ce champ doit contenir une valeur num\\u00e9rique\",\"global\":true},\"min\":{\"value\":\"\",\"message\":\"La convalida non riesce per il valore minimo\",\"global_message\":\"\\u00c9chec de la validation pour la valeur minimale\",\"global\":true},\"max\":{\"value\":\"\",\"message\":\"La convalida non riesce per il valore massimo\",\"global_message\":\"\\u00c9chec de la validation pour la valeur maximale\",\"global\":true},\"digits\":{\"value\":\"\",\"message\":\"La convalida non riesce per cifre limitate\",\"global_message\":\"La validation \\u00e9choue pour un nombre limit\\u00e9 de chiffres\",\"global\":true}},\"numeric-field_3\":{\"required\":{\"value\":false,\"message\":\"Questo campo \\u00e8 obbligatorio\",\"global_message\":\"Ce champ est obligatoire\",\"global\":true},\"numeric\":{\"value\":true,\"message\":\"Questo campo deve contenere un valore numerico\",\"global_message\":\"Ce champ doit contenir une valeur num\\u00e9rique\",\"global\":true},\"min\":{\"value\":\"\",\"message\":\"La convalida non riesce per il valore minimo\",\"global_message\":\"\\u00c9chec de la validation pour la valeur minimale\",\"global\":true},\"max\":{\"value\":\"\",\"message\":\"La convalida non riesce per il valore massimo\",\"global_message\":\"\\u00c9chec de la validation pour la valeur maximale\",\"global\":true},\"digits\":{\"value\":\"\",\"message\":\"La convalida non riesce per cifre limitate\",\"global_message\":\"La validation \\u00e9choue pour un nombre limit\\u00e9 de chiffres\",\"global\":true}},\"checkbox\":{\"required\":{\"value\":false,\"message\":\"Questo campo \\u00e8 obbligatorio\",\"global_message\":\"Ce champ est obligatoire\",\"global\":true}}},\"debounce_time\":300};\n                            <\/script>\n                        <\/div>\n\n            \t\t\t\t<\/div>\n\t\t\t\t<\/div>\n\t\t\t\t<\/div>\n\t\t\t\t<\/div>\n\t\t\t\t\t<\/div>\n\t\t\t\t<\/div>\n\t\t\t\t<\/div>","protected":false},"excerpt":{"rendered":"<p>Remplissez le formulaire Demandez votre cr\u00e9dit d\u00e8s aujourd\u2019hui et obtenez une r\u00e9ponse finale en 24 heures. Une premi\u00e8re d\u00e9cision est d\u00e9j\u00e0 disponible en 3 minutes Demande de pr\u00eat Titre Monsieur MadameQuelle langue parlez-vous ? Fran\u00e7ais AllemandPr\u00e9nomNom de familleE-mailNum\u00e9ro de t\u00e9l\u00e9phoneNationalit\u00e9R\u00e9gion de r\u00e9sidenceAdresse de r\u00e9sidence compl\u00e8te ( CP, Rue, N\u00ba, Localit\u00e9 )Profession Revenu mensuelBut du pr\u00eatDe&#8230;<\/p>","protected":false},"author":1,"featured_media":0,"parent":0,"menu_order":0,"comment_status":"closed","ping_status":"closed","template":"","meta":{"footnotes":""},"class_list":["post-140","page","type-page","status-publish","hentry"],"_hostinger_reach_plugin_has_subscription_block":false,"_hostinger_reach_plugin_is_elementor":false,"_links":{"self":[{"href":"https:\/\/finantol-gruppe.com\/it\/wp-json\/wp\/v2\/pages\/140","targetHints":{"allow":["GET"]}}],"collection":[{"href":"https:\/\/finantol-gruppe.com\/it\/wp-json\/wp\/v2\/pages"}],"about":[{"href":"https:\/\/finantol-gruppe.com\/it\/wp-json\/wp\/v2\/types\/page"}],"author":[{"embeddable":true,"href":"https:\/\/finantol-gruppe.com\/it\/wp-json\/wp\/v2\/users\/1"}],"replies":[{"embeddable":true,"href":"https:\/\/finantol-gruppe.com\/it\/wp-json\/wp\/v2\/comments?post=140"}],"version-history":[{"count":14,"href":"https:\/\/finantol-gruppe.com\/it\/wp-json\/wp\/v2\/pages\/140\/revisions"}],"predecessor-version":[{"id":987959,"href":"https:\/\/finantol-gruppe.com\/it\/wp-json\/wp\/v2\/pages\/140\/revisions\/987959"}],"wp:attachment":[{"href":"https:\/\/finantol-gruppe.com\/it\/wp-json\/wp\/v2\/media?parent=140"}],"curies":[{"name":"wp","href":"https:\/\/api.w.org\/{rel}","templated":true}]}}